{"id":307,"date":"2016-10-20T12:46:45","date_gmt":"2016-10-20T10:46:45","guid":{"rendered":"http:\/\/booksandmagic.com\/da\/reviews\/"},"modified":"2017-12-02T23:07:34","modified_gmt":"2017-12-02T22:07:34","slug":"reviews","status":"publish","type":"page","link":"https:\/\/booksandmagic.com\/da\/reviews\/","title":{"rendered":"reviews"},"content":{"rendered":"<p style=\"text-align: center;\"><strong>Anmeldelser og presseomtale<\/strong><\/p>\n<p><strong>20. November\u00a02017<br \/>\n<\/strong>Det britiske site tutora.co.uk tildeler Books &amp; Magic&#8217;s The Little Mermaid deres &#8216;Best Educational App 2017&#8217; som 1 af top-20 uddannelses-apps for b\u00f8rm i alderen 5-10 \u00e5r, og 1 af deres top-60 i alle aldre.<br \/>\n<a href=\"https:\/\/tutora.co.uk\/blog\/60-best-educational-apps#apps-for-kids-5-10\">Tutora.co.uk<\/a><\/p>\n<p><img loading=\"lazy\" decoding=\"async\" class=\"wp-image-390 aligncenter\" src=\"\/wp-content\/uploads\/2016\/10\/Best-Education-Apps-Badge2.png\" alt=\"\" width=\"154\" height=\"154\" srcset=\"https:\/\/booksandmagic.com\/wp-content\/uploads\/2016\/10\/Best-Education-Apps-Badge2.png 800w, https:\/\/booksandmagic.com\/wp-content\/uploads\/2016\/10\/Best-Education-Apps-Badge2-150x150.png 150w, https:\/\/booksandmagic.com\/wp-content\/uploads\/2016\/10\/Best-Education-Apps-Badge2-300x300.png 300w\" sizes=\"auto, (max-width: 154px) 100vw, 154px\" \/><\/p>\n<p><strong>28. Juni 2017<\/strong><br \/>\nVinder det amerikanske &#8220;Foreword Indies Book of The Year Award 2016&#8221; som &#8220;GOLD WINNER&#8221; i kategorien Augmented Reality.<br \/>\n<img loading=\"lazy\" decoding=\"async\" class=\"aligncenter  wp-image-391\" src=\"\/wp-content\/uploads\/2016\/10\/19575354_1503624473030982_6571401995941583312_o-1024x646.jpg\" alt=\"\" width=\"438\" height=\"276\" srcset=\"https:\/\/booksandmagic.com\/wp-content\/uploads\/2016\/10\/19575354_1503624473030982_6571401995941583312_o-1024x646.jpg 1024w, https:\/\/booksandmagic.com\/wp-content\/uploads\/2016\/10\/19575354_1503624473030982_6571401995941583312_o-300x189.jpg 300w, https:\/\/booksandmagic.com\/wp-content\/uploads\/2016\/10\/19575354_1503624473030982_6571401995941583312_o.jpg 2048w\" sizes=\"auto, (max-width: 438px) 100vw, 438px\" \/><\/p>\n<p><strong>23. Juni 2017<\/strong><br \/>\nAnmeldelse i Jyllands-Posten der tildeler\u00a0Den Lille Havfrue 5ud af 6 mulige stjerner.<br \/>\n<a href=\"https:\/\/jyllands-posten.dk\/protected\/premium\/kultur\/anmeldelser\/litteratur\/ECE9676281\/books-magic-har-skabt-en-original-litteraer-oplevelse-for-boern-og-voksne\">Artikel p\u00e5 jyllands-posten.dk<\/a><\/p>\n<p><strong>6. januar 2017<\/strong><br \/>\nStarter \u00e5ret med at toppe denne Top 7-liste over \u00e5rets bedste Augmented Reality b\u00f8ger.\u00a0Fint selskab<br \/>\n<a href=\"https:\/\/www.wearechampionmag.com\/7-top-augmented-reality-children%E2%80%99s-books-2017\">WAC Magazine<\/a><\/p>\n<p><strong>25. November 2016<\/strong><br \/>\nOmtalt p\u00e5\u00a0TV2\/Fyn<br \/>\n<a href=\"http:\/\/www.tv2fyn.dk\/artikel\/se-det-selv-den-lille-havfrue-bliver-levende-i-odenses-folkeskoler\" target=\"_blank\" rel=\"noopener\">Pr\u00f8v det selv: Den lille havfrue bliver levende i skolerne<\/a><br \/>\n<em>af Mie Flyttov<\/em><\/p>\n<p><strong>24. november 2016<\/strong><br \/>\nOmtalt i Fyens Stiftidende i forbindelse med at vi donerede 1000 b\u00f8ger til H.C. Andersen Fonden<br \/>\n<a href=\"http:\/\/www.fyens.dk\/odense\/Eventyr-paa-en-helt-ny-maade\/artikel\/3100860\" target=\"_blank\" rel=\"noopener\">Eventyr p\u00e5 en helt ny m\u00e5de<\/a><br \/>\n<em>af Jesper Mads Eriksen<\/em><\/p>\n<p><a href=\"http:\/\/www.fyens.dk\/odense\/Eventyr-paa-en-helt-ny-maade\/artikel\/3100860#\"><img loading=\"lazy\" decoding=\"async\" class=\"alignleft wp-image-330 size-full\" src=\"\/wp-content\/uploads\/2016\/10\/HCA-FONDEN.jpg\" alt=\"hca-fonden\" width=\"900\" height=\"506\" srcset=\"https:\/\/booksandmagic.com\/wp-content\/uploads\/2016\/10\/HCA-FONDEN.jpg 900w, https:\/\/booksandmagic.com\/wp-content\/uploads\/2016\/10\/HCA-FONDEN-300x169.jpg 300w\" sizes=\"auto, (max-width: 900px) 100vw, 900px\" \/><\/a><\/p>\n<p>&nbsp;<\/p>\n<p>&nbsp;<\/p>\n<p>&nbsp;<\/p>\n<p>&nbsp;<\/p>\n<p>&nbsp;<\/p>\n<p>&nbsp;<\/p>\n<p>&nbsp;<\/p>\n<p>&nbsp;<\/p>\n<p>&nbsp;<\/p>\n<p>&nbsp;<\/p>\n<p>&nbsp;<\/p>\n<p>&nbsp;<\/p>\n<p>&nbsp;<\/p>\n<p>&nbsp;<\/p>\n<p><strong>24. november 2016<\/strong><br \/>\nMark var en af hovedtalerne til The Scandinavian Executive Meeting #2016 arrangeret af Schilling.<\/p>\n<p><iframe loading=\"lazy\" src=\"https:\/\/www.youtube.com\/embed\/oaaHIu3LqiQ\" width=\"900\" height=\"506\" frameborder=\"0\" allowfullscreen=\"allowfullscreen\"><\/iframe><\/p>\n<p>&nbsp;<\/p>\n<p><strong>31. oktober 2016<\/strong><br \/>\nAnmeldt p\u00e5 Folkeskolen.dk<br \/>\n<a href=\"http:\/\/www.folkeskolen.dk\/595627\/the-future-is-here\" target=\"_blank\" rel=\"noopener\">The future is here<\/a><br \/>\n<em>af Nina Eriksen<\/em><\/p>\n<p><strong>2. september\u00a02016<\/strong><br \/>\nAnmeldt\u00a0i Weekendavisen<br \/>\nHavfrue i 3D<br \/>\n<em>af\u00a0Christina Majcher<\/em><\/p>\n<p><strong>2. september\u00a02016<\/strong><br \/>\nInteraktiv artikel i e-bogssektionen\u00a0i MetroXpress p\u00e5 s. 28<br \/>\n<a href=\"http:\/\/www.e-pages.dk\/metroxpressdk\/4079\/.\" target=\"_blank\" rel=\"noopener\">App giver H. C. Andersens eventyr nyt liv<\/a><br \/>\n<em>af L\u00e6rke J\u00fcrs<\/em><\/p>\n<p><a href=\"http:\/\/www.e-pages.dk\/metroxpressdk\/4079\/.\"><img loading=\"lazy\" decoding=\"async\" class=\"alignleft wp-image-331 size-large\" src=\"\/wp-content\/uploads\/2016\/10\/File_000-3-1024x688.jpeg\" alt=\"file_000-3\" width=\"1024\" height=\"688\" srcset=\"https:\/\/booksandmagic.com\/wp-content\/uploads\/2016\/10\/File_000-3-1024x688.jpeg 1024w, https:\/\/booksandmagic.com\/wp-content\/uploads\/2016\/10\/File_000-3-300x202.jpeg 300w, https:\/\/booksandmagic.com\/wp-content\/uploads\/2016\/10\/File_000-3.jpeg 1116w\" sizes=\"auto, (max-width: 1024px) 100vw, 1024px\" \/><\/a><\/p>\n<p>&nbsp;<\/p>\n<p><strong>30. august\u00a02016<\/strong><br \/>\nAnmeldt p\u00e5\u00a0Gode Apps til b\u00f8rn.dk<br \/>\nRating: 100%<br \/>\n<a href=\"http:\/\/xn--godeappstilbrn-1qb.dk\/blog\/den-lille-havfrue-books-magic.html\" target=\"_blank\" rel=\"noopener\">Den lille havfrue fra Books &amp; Magic<\/a><br \/>\n<em>af Ren\u00e9 H\u00f8j<\/em><\/p>\n<p><strong>30. august\u00a02016<br \/>\n<\/strong>Anmeldt\u00a0i Magasinet Skolen p\u00e5 s. 26<strong><br \/>\n<\/strong><a href=\"https:\/\/issuu.com\/skolemagasin\/docs\/magasinet_skolen_august_2016\/5?e=1661068\/38309606\" target=\"_blank\" rel=\"noopener\">H. C. Andersen i nye magisk skoleunivers<\/a><strong><br \/>\n<\/strong><\/p>\n<p><strong>30. juli\u00a02016<\/strong><br \/>\nAnmeldt p\u00e5 bogbloggen\u00a0\u00c6sel\u00f8re.dk<br \/>\n<a href=\"http:\/\/xn--selre-rra3k.dk\/post\/148188912634\/den-lille-havfrue-af-hcandersen\" target=\"_blank\" rel=\"noopener\">Den lille havfrue af H. C. Andersen<\/a><br \/>\n<em>af\u00a0Rikke Dyrhave<\/em><\/p>\n<p><strong>26. juli\u00a02016<\/strong><br \/>\nAnmeldt p\u00e5\u00a0Kiddly.com (<em>p\u00e5 dansk<\/em>)<br \/>\nRating: 5\u00a0STJERNER<br \/>\n<a href=\"http:\/\/kiddly.dk\/product\/books\/den-lille-havfrue-fra-books--magic\/9069\" target=\"_blank\" rel=\"noopener\">Den lille havfrue (fra Books &amp; Magic)<\/a><br \/>\n<em>af SaraQ<\/em><\/p>\n<p><strong>13. juli\u00a02016<\/strong><br \/>\nAnmeldt p\u00e5\u00a0Skal Vi Lege Nu.dk<br \/>\n<a href=\"http:\/\/www.skalvilege.nu\/2016\/07\/anmeldelse-lille-havfrue-krydret-argumented-reality\/#sthash.ymCc7xmU.dpuf\" target=\"_blank\" rel=\"noopener\">Den lille havfrue krydret med Augmented Reality<\/a><br \/>\n<em>af\u00a0Thomas Berger<\/em><\/p>\n<p><strong>9. juli\u00a02016<\/strong><br \/>\nAnmeldt p\u00e5\u00a0The iPhone App Review (<em>p\u00e5 engelsk<\/em>)<br \/>\nRating: 5 STJERNER<br \/>\n<a href=\"http:\/\/www.theiphoneappreview.com\/2016\/07\/the-little-mermaid-a-magical-augmented-reality-book-iphone-app\/\" target=\"_blank\" rel=\"noopener\">The Little Mermaid Is Simply Awesome<\/a><br \/>\n<em>af Sarah Hanlon<\/em><\/p>\n<p><strong>25. juni\u00a02016<\/strong><em><strong><br \/>\n<\/strong><\/em>Anmeldt p\u00e5\u00a0The Smartphone App Review<em> (p\u00e5 engelsk)<br \/>\n<\/em><em>Rating: 95%<br \/>\n<\/em><a href=\"http:\/\/thesmartphoneappreview.com\/reviews\/little-mermaid-magical-augmented-reality-book-iphone-review\/\" target=\"_blank\" rel=\"noopener\">The Little Mermaid Book Phone Review<\/a><br \/>\n<em>af\u00a0Brihanna Watson<\/em><\/p>\n<p><strong>24. juni\u00a02016<\/strong><em><strong><br \/>\n<\/strong><\/em>Omtalt p\u00e5\u00a0Can-india.com<em> (p\u00e5 engelsk)<\/em><em><br \/>\n<\/em><a href=\"http:\/\/www.canindia.com\/worlds-first-digitally-playable-book-launched-in-denmark\/\" target=\"_blank\" rel=\"noopener\">Word&#8217;s First Digital\u00a0Playable Book Launched in Denmark<\/a><br \/>\n<em>af Bala<\/em><\/p>\n<p><strong>23. juni\u00a02016<br \/>\n<\/strong>Omtalt p\u00e5\u00a0Nordicgame.com (<em>p\u00e5 engelsk<\/em>)<br \/>\n<a href=\"http:\/\/nordicgame.com\/little-mermaid-ar-book-released\/\" target=\"_blank\" rel=\"noopener\">The Little Mermaid AR-Book Released<\/a><br \/>\n<em>af\u00a0Jacob Riis<\/em><\/p>\n<p><strong>22. juni\u00a02016<\/strong><em><strong><br \/>\n<\/strong><\/em>Anmeldt p\u00e5\u00a0The Apple Google<em> (p\u00e5 engelsk)<\/em><em><br \/>\n<\/em>Rating: 4,9 \/ 5\u00a0STJERNER<a href=\"http:\/\/theapplegoogle.com\/2016\/06\/the-little-mermaid-a-magical-way-to-read-a-book\/\" target=\"_blank\" rel=\"noopener\"><br \/>\n<\/a><a href=\"http:\/\/theapplegoogle.com\/2016\/06\/the-little-mermaid-a-magical-way-to-read-a-book\/\" target=\"_blank\" rel=\"noopener\">The Little Mermaid \u2013 A Magical Way To Read A Book<\/a><br \/>\n<em>af\u00a0Suraj<\/em><\/p>\n<p><strong>22. juni\u00a02016<br \/>\n<\/strong>Omtalt p\u00e5\u00a0Graphic Arts Magazine.com (<em>p\u00e5 engelsk<\/em>)<br \/>\n<a href=\"http:\/\/graphicartsmag.com\/news\/2016\/06\/worlds-first-digitally-playable-book-augmented-reality-3d-animation-released\/\" target=\"_blank\" rel=\"noopener\">World&#8217;s First Digital Playable Book<\/a><br \/>\n<em>af\u00a0Tony\u00a0<\/em><i>Curcio<\/i><\/p>\n<p><strong>22. juni\u00a02016<br \/>\n<\/strong>Omtalt p\u00e5\u00a0Ekstra Bladet.dk<br \/>\n<a href=\"http:\/\/ekstrabladet.dk\/kup\/elektronik\/teknologi\/dansk-opfindelse-nu-bliver-boernebogen-interaktiv\/6153567\" target=\"_blank\" rel=\"noopener\">Nu bliver b\u00f8rnebogen interaktiv<\/a><br \/>\n<em>af\u00a0Heine J\u00f8rgensen<\/em><\/p>\n<p><strong>20. juni\u00a02016<\/strong><br \/>\nPr\u00e6sentation &amp; interview i Go&#8217;Morgen Danmark (TV2)<br \/>\n<a href=\"https:\/\/www.youtube.com\/watch?v=QxKpPgKBurI\" target=\"_blank\" rel=\"noopener\">Go&#8217;Morgen Danmark<\/a><\/p>\n<p><iframe loading=\"lazy\" src=\"https:\/\/www.youtube.com\/embed\/QxKpPgKBurI\" width=\"560\" height=\"480\" frameborder=\"0\" allowfullscreen=\"allowfullscreen\"><\/iframe><\/p>\n<p><strong>20. juni\u00a02016<\/strong><br \/>\nOmtalt p\u00e5\u00a0Newstalk.com (<em>p\u00e5 engelsk<\/em>)<br \/>\n<a href=\"http:\/\/www.newstalk.com\/Bringing-childrens-stories-to-life:-Danish-company-produces-Augmented-Reality-Book\" target=\"_blank\" rel=\"noopener\">Bringing Children&#8217;s Stories to Life<br \/>\n<\/a><em>af\u00a0Jessica Kelly<br \/>\n<\/em><\/p>\n<p><strong>24. december\u00a02015<\/strong><br \/>\nOmtalt i Go&#8217;Morgen Danmark (TV2)<br \/>\n<a href=\"https:\/\/youtu.be\/nZ1wQiyIEDM\" target=\"_blank\" rel=\"noopener\">Go&#8217;Morgen Danmark<\/a><\/p>\n<p><iframe loading=\"lazy\" src=\"https:\/\/www.youtube.com\/embed\/nZ1wQiyIEDM\" width=\"560\" height=\"420\" frameborder=\"0\" allowfullscreen=\"allowfullscreen\"><\/iframe><\/p>\n<p><strong>15. november\u00a02015<br \/>\n<\/strong>Omtalt p\u00e5\u00a0Finans.dk<br \/>\n<a href=\"http:\/\/finans.dk\/live\/erhverv\/ECE8202656\/Danske-iv%C3%A6rks%C3%A6ttere-vil-s%C3%A6lge-H.C.-Andersen-med-ny-teknologi\/?ctxref=ext\" target=\"_blank\" rel=\"noopener\">Danske iv\u00e6rks\u00e6ttere vil s\u00e6lge H. C. Andersen med ny teknologi<br \/>\n<\/a><em>af\u00a0Peter Simonsen<\/em><\/p>\n<p><strong>6. november\u00a02015<br \/>\n<\/strong>Omtalt i\u00a0Forbes Magazine (<em>p\u00e5 engelsk<\/em>)<br \/>\n<a href=\"http:\/\/www.forbes.com\/sites\/edmundingham\/2015\/11\/06\/48-hours-on-the-copenhagen-start-up-scene-what-i-learned\/#22fb25692891\" target=\"_blank\" rel=\"noopener\">48 Hours on the Nordic Start-up Scene<\/a><br \/>\n<em>af\u00a0Edmund Ingham<\/em><\/p>\n","protected":false},"excerpt":{"rendered":"<p>Anmeldelser og presseomtale 20. November\u00a02017 Det britiske site tutora.co.uk tildeler Books &amp; Magic&#8217;s The Little Mermaid deres &#8216;Best Educational App 2017&#8217; som 1 af top-20 uddannelses-apps for b\u00f8rm i alderen 5-10 \u00e5r, og 1 af deres top-60 i alle aldre. Tutora.co.uk 28. Juni 2017 Vinder det amerikanske &#8220;Foreword Indies Book of The Year Award 2016&#8221; [&hellip;]<\/p>\n","protected":false},"author":8,"featured_media":0,"parent":0,"menu_order":0,"comment_status":"closed","ping_status":"closed","template":"","meta":{"footnotes":""},"class_list":["post-307","page","type-page","status-publish","hentry"],"_links":{"self":[{"href":"https:\/\/booksandmagic.com\/da\/wp-json\/wp\/v2\/pages\/307","targetHints":{"allow":["GET"]}}],"collection":[{"href":"https:\/\/booksandmagic.com\/da\/wp-json\/wp\/v2\/pages"}],"about":[{"href":"https:\/\/booksandmagic.com\/da\/wp-json\/wp\/v2\/types\/page"}],"author":[{"embeddable":true,"href":"https:\/\/booksandmagic.com\/da\/wp-json\/wp\/v2\/users\/8"}],"replies":[{"embeddable":true,"href":"https:\/\/booksandmagic.com\/da\/wp-json\/wp\/v2\/comments?post=307"}],"version-history":[{"count":0,"href":"https:\/\/booksandmagic.com\/da\/wp-json\/wp\/v2\/pages\/307\/revisions"}],"wp:attachment":[{"href":"https:\/\/booksandmagic.com\/da\/wp-json\/wp\/v2\/media?parent=307"}],"curies":[{"name":"wp","href":"https:\/\/api.w.org\/{rel}","templated":true}]}}