{"id":324,"date":"2015-06-10T11:54:24","date_gmt":"2015-06-10T09:54:24","guid":{"rendered":"http:\/\/booksandmagic.com\/da\/cookie-policy\/"},"modified":"2016-10-31T17:02:53","modified_gmt":"2016-10-31T16:02:53","slug":"cookie-policy","status":"publish","type":"page","link":"https:\/\/booksandmagic.com\/da\/cookie-policy\/","title":{"rendered":"Cookie policy"},"content":{"rendered":"<h2><strong>Books &amp; Magics cookie-politik<\/strong><\/h2>\n<p>Books &amp; Magic bruger cookies til brug for statistik p\u00e5 websitet. Dette g\u00f8r det blandt andet muligt for os at f\u00e5 overblik over, hvor mange bes\u00f8gende vi f\u00e5r p\u00e5 de forskellige undersider p\u00e5 sitet, og dette hj\u00e6lper os til at g\u00f8re hjemmesiden s\u00e5 brugervenlig som muligt.<\/p>\n<ol>\n<li><strong>Ejerskab<\/strong><br \/>\nDenne hjemmeside tilh\u00f8rer:<br \/>\nBooks &amp; Magic Vesterbrogade 149<br \/>\n1620 K\u00f8benhavn V<br \/>\nTelefon: +(45) 60377666<br \/>\nEmail: <a href=\"mailto:info@booksandmagic.com\">info@booksandmagic.com<\/a><\/li>\n<li><strong>Cookies:<\/strong>\u00a0Denne hjemmeside bruger cookies til form\u00e5l som er beskrevet ovenfor. En cookie er en tekstfil, som gemmes i din internetbrowser og som genkender din computer ved gentagne bes\u00f8g. Der registreres ingen personlige oplysninger i vores cookies og de kan ikke indeholde virus.\n<ol>\n<li>Varighed af cookies: Cookies slettes automatisk efter et bestemt antal m\u00e5neder, men bliver fornyet ved hvert bes\u00f8g p\u00e5 siden.<\/li>\n<li>Hvordan sletter man cookies? Se instruktioner her: <a href=\"http:\/\/minecookies.org\/cookiehandtering\">http:\/\/minecookies.org\/cookiehandtering<\/a><\/li>\n<li>Kan jeg blokere cookies? Hvis du ikke vil tillade cookies, kan du blokere dem. Se hvordan her: <a href=\"http:\/\/minecookies.org\/cookiehandtering\">http:\/\/minecookies.org\/cookiehandtering<\/a>.<\/li>\n<li>Hvad bruges cookies til hos Books &amp; Magic? Vi bruger cookies til at m\u00e5le statistik p\u00e5 hjemmesiden. Dette g\u00f8r det muligt for os at f\u00e5 overblik over, hvor mange bes\u00f8gende vi har p\u00e5 de forskellige undersider p\u00e5 website, og dette hj\u00e6lper os med at g\u00f8re hjemmesiden s\u00e5 brugervenlig som mulig.<\/li>\n<li>Google Analytics: Dette website bruger cookies fra Google Analytics til at m\u00e5le trafik p\u00e5 hjemmesiden. You deaktivere Google Analytics cookies her: <a href=\"http:\/\/tools.google.com\/dlpage\/gaoptout\">http:\/\/tools.google.com\/dlpage\/gaoptout<\/a><\/li>\n<\/ol>\n<\/li>\n<li><strong>Brug af personlige oplysninger:<\/strong> Vi videregiver ikke personf\u00f8lsomme oplysninger til tredje part, ved mindre du specifikt har givet tilsagn herom. Vi indsamler ikke personlige oplysninger ved mindre du har selv har oplyst os disse, fx ved registrering eller deltagelse i en unders\u00f8gelse. I disse tilf\u00e6lde opsamles information ved navn, adresse, postnummer, email adresse, k\u00f8n, alder, interesse, meninger, viden om givne enmer og lignende. Personlige oplysninger bruger vi til at kunne udf\u00f8re en given service, som disse oplysninger knytter sig til. Derudover bruges oplysningerne ogs\u00e5 til at vi kan blive klogere p\u00e5, hvordan vores bes\u00f8gende navigerer p\u00e5 vores site. Denne brug kan blandt andet inkludere sp\u00f8rgeskema unders\u00f8gelser og analyse med henblik p\u00e5 at forbedre vores produkter, service og tekniske l\u00f8sninger, ligesom vi vil kunne tilpasse indholdet dine interesser.\n<ol>\n<li>Kontakt vedr\u00f8rende personlige oplysninger: Hvis du \u00f8nsker at vide, hvilke oplysninger der er blevet registreret ved dit bes\u00f8g, kan du skrive en email til <a href=\"mailto:info@booksandmagic.com\">info@booksandmagic.com<\/a> eller ringe til os p\u00e5 telefon + (45) 6037 7666. Hvis oplysningerne er registreret forkort eller hvis du har nogle indvendinger, kan du g\u00f8re det g\u00e6ldende ved samme kontakt info. Du kan godt f\u00e5 oplyst hvilke oplysninger der er blevet registreret og du kan g\u00f8re indvending over for disse i henhold til persondataloven, som anvist her: <a href=\"https:\/\/www.retsinformation.dk\/Forms\/r0710.aspx?id=828\">https:\/\/www.retsinformation.dk\/Forms\/r0710.aspx?id=828<\/a>.<\/li>\n<li>Beskyttelse af personlige oplysninger: I henhold til persondataloven bliver personlige oplysninger opbevaret sikker og fortroligt. Vi gemmer dine oplsyninger p\u00e5 computere med begr\u00e6nset adgang og som er under kontrollerede forhold. Vores sikkerhedsforanstaltninger tager hele tiden h\u00f8jde for at vores brugeroplysninger bliver h\u00e5ndteret p\u00e5 den mest ansvarlige m\u00e5de og med dine brugerrettigheder for \u00f8je. Vi kan dog ikke garantere med 100% sikkerhed, at andre vil kunne skabe sig adgang til dine oplysninger via internettet. Der er en risiko for at andre kan finde vej til oplysninger, n\u00e5r data sendes og opbevares elektronisk. Med andre ord er du ansvarlig for overf\u00f8rslen af dine personlige oplysninger. Personlige oplysninger slettes eller anonymiseres l\u00f8bende alt efter hvordan de blev lagret. Personlige oplysninger bliver h\u00f8jst gemt i 12 m\u00e5neder efter brug. Den hurtige teknologiske udvikling af internettet kan g\u00f8re det n\u00f8dvendigt for os at \u00e6ndre p\u00e5 den m\u00e5de vi lagrer personlige oplysninger. Vi forbeholder os derfor retten til at opdatere og \u00e6ndre disse retningslinjer for h\u00e5ndtering af personlige oplysninger. I tilf\u00e6lde af radikale \u00e6ndringer, vil vi dog give dig klar besked om dette p\u00e5 vores hjemmeside. I f\u00f8lge persondataloven, har du ret til at blive informeret om hvilke oplysninger vi har gemt i henhold hvilke omst\u00e6ndigheder de er blevet gemt. Hvis det sandsynligg\u00f8res at dine oplysninger eller data er forkerte, har du ret til at kr\u00e6ve at dette bliver rettet, slettet eller blokeret. Du kan til hver en tid g\u00f8re indsigelse mod de af dine oplysninger vi bruger. Du kan ogs\u00e5 altid tr\u00e6kke din tilladelse tilbage. Du kan ogs\u00e5 indgive en klage ang\u00e5ende den information and data, der relaterer sig til dine personlige oplysninger. Klager skal indgives til Datatilsynet.<\/li>\n<\/ol>\n<\/li>\n<\/ol>\n","protected":false},"excerpt":{"rendered":"<p>Books &amp; Magics cookie-politik Books &amp; Magic bruger cookies til brug for statistik p\u00e5 websitet. Dette g\u00f8r det blandt andet muligt for os at f\u00e5 overblik over, hvor mange bes\u00f8gende vi f\u00e5r p\u00e5 de forskellige undersider p\u00e5 sitet, og dette hj\u00e6lper os til at g\u00f8re hjemmesiden s\u00e5 brugervenlig som muligt. Ejerskab Denne hjemmeside tilh\u00f8rer: Books [&hellip;]<\/p>\n","protected":false},"author":4,"featured_media":0,"parent":0,"menu_order":0,"comment_status":"closed","ping_status":"closed","template":"","meta":{"footnotes":""},"class_list":["post-324","page","type-page","status-publish","hentry"],"_links":{"self":[{"href":"https:\/\/booksandmagic.com\/da\/wp-json\/wp\/v2\/pages\/324","targetHints":{"allow":["GET"]}}],"collection":[{"href":"https:\/\/booksandmagic.com\/da\/wp-json\/wp\/v2\/pages"}],"about":[{"href":"https:\/\/booksandmagic.com\/da\/wp-json\/wp\/v2\/types\/page"}],"author":[{"embeddable":true,"href":"https:\/\/booksandmagic.com\/da\/wp-json\/wp\/v2\/users\/4"}],"replies":[{"embeddable":true,"href":"https:\/\/booksandmagic.com\/da\/wp-json\/wp\/v2\/comments?post=324"}],"version-history":[{"count":0,"href":"https:\/\/booksandmagic.com\/da\/wp-json\/wp\/v2\/pages\/324\/revisions"}],"wp:attachment":[{"href":"https:\/\/booksandmagic.com\/da\/wp-json\/wp\/v2\/media?parent=324"}],"curies":[{"name":"wp","href":"https:\/\/api.w.org\/{rel}","templated":true}]}}