{"id":377,"date":"2018-11-14T15:01:48","date_gmt":"2018-11-14T14:01:48","guid":{"rendered":"http:\/\/booksandmagic.com\/da\/?page_id=377"},"modified":"2018-11-14T15:01:48","modified_gmt":"2018-11-14T14:01:48","slug":"try","status":"publish","type":"page","link":"https:\/\/booksandmagic.com\/da\/try\/","title":{"rendered":"Try"},"content":{"rendered":"<h1>Klar til at pr\u00f8ve det, <em>nu<\/em>?<\/h1>\n<p>Blot:<\/p>\n<ol>\n<li>Download den gratis\u00a0App ved at f\u00f8lge\u00a0dette link: <a href=\"http:\/\/www.booksandmagic.com\/app\">www.booksandmagic.com\/app<br \/>\n<\/a>(<em>Hvis linket \u00e5bnes p\u00e5 en mobil eller tablet vil det vidersende til den passende app store<\/em>)<\/li>\n<li>Start app&#8217;en og ret kameraet mod billedet af bogen nedenfor.<br \/>\n<em>HINT: Pr\u00f8v at \u00e5bne billedet p\u00e5 din tablet\u00a0og lige den fladt ned som en bog ville.<\/em><\/li>\n<\/ol>\n<p><img decoding=\"async\" class=\"aligncenter size-large wp-image-375\" src=\"\/wp-content\/uploads\/2017\/05\/cover_front_DK-1024x806.png\" alt=\"\" width=\"90%\" srcset=\"https:\/\/booksandmagic.com\/wp-content\/uploads\/2017\/05\/cover_front_DK-1024x806.png 1024w, https:\/\/booksandmagic.com\/wp-content\/uploads\/2017\/05\/cover_front_DK-300x236.png 300w\" sizes=\"(max-width: 1024px) 100vw, 1024px\" \/><\/p>\n<p>N\u00e5r app&#8217;en har genkendt billedet vil den vise noget ligende dette:<\/p>\n<p><img loading=\"lazy\" decoding=\"async\" class=\"aligncenter size-large wp-image-376\" src=\"\/wp-content\/uploads\/2017\/05\/CoverAR-1024x789.png\" alt=\"\" width=\"1024\" height=\"789\" srcset=\"https:\/\/booksandmagic.com\/wp-content\/uploads\/2017\/05\/CoverAR-1024x789.png 1024w, https:\/\/booksandmagic.com\/wp-content\/uploads\/2017\/05\/CoverAR-300x231.png 300w\" sizes=\"auto, (max-width: 1024px) 100vw, 1024px\" \/><\/p>\n<p>For ofte stillede sp\u00f8rgsm\u00e5l\u00a0og hj\u00e6lp, venligst bes\u00f8g\u00a0<a href=\"http:\/\/www.booksandmagic.com\/help\">www.booksandmagic.com\/help<\/a>\u00a0eller kontakt os via email p\u00e5\u00a0<a href=\"mailto:info@booksandmagic.com\">info@booksandmagic.com<\/a><\/p>\n","protected":false},"excerpt":{"rendered":"<p>Klar til at pr\u00f8ve det, nu? Blot: Download den gratis\u00a0App ved at f\u00f8lge\u00a0dette link: www.booksandmagic.com\/app (Hvis linket \u00e5bnes p\u00e5 en mobil eller tablet vil det vidersende til den passende app store) Start app&#8217;en og ret kameraet mod billedet af bogen nedenfor. HINT: Pr\u00f8v at \u00e5bne billedet p\u00e5 din tablet\u00a0og lige den fladt ned som en [&hellip;]<\/p>\n","protected":false},"author":2,"featured_media":0,"parent":0,"menu_order":0,"comment_status":"closed","ping_status":"closed","template":"","meta":{"footnotes":""},"class_list":["post-377","page","type-page","status-publish","hentry"],"_links":{"self":[{"href":"https:\/\/booksandmagic.com\/da\/wp-json\/wp\/v2\/pages\/377","targetHints":{"allow":["GET"]}}],"collection":[{"href":"https:\/\/booksandmagic.com\/da\/wp-json\/wp\/v2\/pages"}],"about":[{"href":"https:\/\/booksandmagic.com\/da\/wp-json\/wp\/v2\/types\/page"}],"author":[{"embeddable":true,"href":"https:\/\/booksandmagic.com\/da\/wp-json\/wp\/v2\/users\/2"}],"replies":[{"embeddable":true,"href":"https:\/\/booksandmagic.com\/da\/wp-json\/wp\/v2\/comments?post=377"}],"version-history":[{"count":0,"href":"https:\/\/booksandmagic.com\/da\/wp-json\/wp\/v2\/pages\/377\/revisions"}],"wp:attachment":[{"href":"https:\/\/booksandmagic.com\/da\/wp-json\/wp\/v2\/media?parent=377"}],"curies":[{"name":"wp","href":"https:\/\/api.w.org\/{rel}","templated":true}]}}